{"id":739,"date":"2021-02-09T13:14:47","date_gmt":"2021-02-09T11:14:47","guid":{"rendered":"http:\/\/www.kio123456789.com\/?page_id=739"},"modified":"2021-02-09T13:14:48","modified_gmt":"2021-02-09T11:14:48","slug":"my-climate-tips-and-articles","status":"publish","type":"page","link":"https:\/\/hiilihelppi.fi\/en\/my-climate-tips-and-articles\/","title":{"rendered":"My climate tips and articles"},"content":{"rendered":"\n<p>Alla on lista juuri sinulle kootuista ilmastovinkeist\u00e4. <br>Niiden avulla voit pienent\u00e4\u00e4 asumisesi hiilijalanj\u00e4lke\u00e4 tuntuvasti. <\/p>\n","protected":false},"excerpt":{"rendered":"<p>Alla on lista juuri sinulle kootuista ilmastovinkeist\u00e4. Niiden avulla voit pienent\u00e4\u00e4 asumisesi hiilijalanj\u00e4lke\u00e4 tuntuvasti.<\/p>\n","protected":false},"author":1,"featured_media":741,"parent":0,"menu_order":0,"comment_status":"closed","ping_status":"closed","template":"page-omat-vinkit.php","meta":[],"yoast_head":"<!-- This site is optimized with the Yoast SEO plugin v16.1.1 - https:\/\/yoast.com\/wordpress\/plugins\/seo\/ -->\n<link rel=\"canonical\" href=\"https:\/\/hiilihelppi.fi\/en\/my-climate-tips-and-articles\/\" \/>\n<meta property=\"og:locale\" content=\"en_US\" \/>\n<meta property=\"og:type\" content=\"article\" \/>\n<meta property=\"og:title\" content=\"My climate tips and articles - Hiilihelppi\" \/>\n<meta property=\"og:description\" content=\"Alla on lista juuri sinulle kootuista ilmastovinkeist\u00e4. Niiden avulla voit pienent\u00e4\u00e4 asumisesi hiilijalanj\u00e4lke\u00e4 tuntuvasti.\" \/>\n<meta property=\"og:url\" content=\"https:\/\/hiilihelppi.fi\/en\/my-climate-tips-and-articles\/\" \/>\n<meta property=\"og:site_name\" content=\"Hiilihelppi\" \/>\n<meta property=\"article:modified_time\" content=\"2021-02-09T11:14:48+00:00\" \/>\n<meta property=\"og:image\" content=\"https:\/\/hiilihelppi.fi\/wp-content\/uploads\/2020\/08\/patrick-perkins-3wylDrjxH-E-unsplash-scaled.jpg\" \/>\n\t<meta property=\"og:image:width\" content=\"2560\" \/>\n\t<meta property=\"og:image:height\" content=\"1905\" \/>\n<meta name=\"twitter:card\" content=\"summary_large_image\" \/>\n<script type=\"application\/ld+json\" class=\"yoast-schema-graph\">{\"@context\":\"https:\/\/schema.org\",\"@graph\":[{\"@type\":\"WebSite\",\"@id\":\"https:\/\/hiilihelppi.fi\/#website\",\"url\":\"https:\/\/hiilihelppi.fi\/\",\"name\":\"Hiilihelppi\",\"description\":\"Joka kodin ilmastovinkit\",\"potentialAction\":[{\"@type\":\"SearchAction\",\"target\":\"https:\/\/hiilihelppi.fi\/?s={search_term_string}\",\"query-input\":\"required name=search_term_string\"}],\"inLanguage\":\"en-US\"},{\"@type\":\"ImageObject\",\"@id\":\"https:\/\/hiilihelppi.fi\/en\/my-climate-tips-and-articles\/#primaryimage\",\"inLanguage\":\"en-US\",\"url\":\"https:\/\/hiilihelppi.fi\/wp-content\/uploads\/2020\/08\/patrick-perkins-3wylDrjxH-E-unsplash-scaled.jpg\",\"contentUrl\":\"https:\/\/hiilihelppi.fi\/wp-content\/uploads\/2020\/08\/patrick-perkins-3wylDrjxH-E-unsplash-scaled.jpg\",\"width\":2560,\"height\":1905},{\"@type\":\"WebPage\",\"@id\":\"https:\/\/hiilihelppi.fi\/en\/my-climate-tips-and-articles\/#webpage\",\"url\":\"https:\/\/hiilihelppi.fi\/en\/my-climate-tips-and-articles\/\",\"name\":\"My climate tips and articles - Hiilihelppi\",\"isPartOf\":{\"@id\":\"https:\/\/hiilihelppi.fi\/#website\"},\"primaryImageOfPage\":{\"@id\":\"https:\/\/hiilihelppi.fi\/en\/my-climate-tips-and-articles\/#primaryimage\"},\"datePublished\":\"2021-02-09T11:14:47+00:00\",\"dateModified\":\"2021-02-09T11:14:48+00:00\",\"breadcrumb\":{\"@id\":\"https:\/\/hiilihelppi.fi\/en\/my-climate-tips-and-articles\/#breadcrumb\"},\"inLanguage\":\"en-US\",\"potentialAction\":[{\"@type\":\"ReadAction\",\"target\":[\"https:\/\/hiilihelppi.fi\/en\/my-climate-tips-and-articles\/\"]}]},{\"@type\":\"BreadcrumbList\",\"@id\":\"https:\/\/hiilihelppi.fi\/en\/my-climate-tips-and-articles\/#breadcrumb\",\"itemListElement\":[{\"@type\":\"ListItem\",\"position\":1,\"item\":{\"@type\":\"WebPage\",\"@id\":\"https:\/\/hiilihelppi.fi\/en\/\",\"url\":\"https:\/\/hiilihelppi.fi\/en\/\",\"name\":\"Etusivu\"}},{\"@type\":\"ListItem\",\"position\":2,\"item\":{\"@type\":\"WebPage\",\"@id\":\"https:\/\/hiilihelppi.fi\/en\/my-climate-tips-and-articles\/\",\"url\":\"https:\/\/hiilihelppi.fi\/en\/my-climate-tips-and-articles\/\",\"name\":\"My climate tips and articles\"}}]}]}<\/script>\n<!-- \/ Yoast SEO plugin. -->","_links":{"self":[{"href":"https:\/\/hiilihelppi.fi\/en\/wp-json\/wp\/v2\/pages\/739"}],"collection":[{"href":"https:\/\/hiilihelppi.fi\/en\/wp-json\/wp\/v2\/pages"}],"about":[{"href":"https:\/\/hiilihelppi.fi\/en\/wp-json\/wp\/v2\/types\/page"}],"author":[{"embeddable":true,"href":"https:\/\/hiilihelppi.fi\/en\/wp-json\/wp\/v2\/users\/1"}],"replies":[{"embeddable":true,"href":"https:\/\/hiilihelppi.fi\/en\/wp-json\/wp\/v2\/comments?post=739"}],"version-history":[{"count":1,"href":"https:\/\/hiilihelppi.fi\/en\/wp-json\/wp\/v2\/pages\/739\/revisions"}],"predecessor-version":[{"id":740,"href":"https:\/\/hiilihelppi.fi\/en\/wp-json\/wp\/v2\/pages\/739\/revisions\/740"}],"wp:featuredmedia":[{"embeddable":true,"href":"https:\/\/hiilihelppi.fi\/en\/wp-json\/wp\/v2\/media\/741"}],"wp:attachment":[{"href":"https:\/\/hiilihelppi.fi\/en\/wp-json\/wp\/v2\/media?parent=739"}],"curies":[{"name":"wp","href":"https:\/\/api.w.org\/{rel}","templated":true}]}}