{"id":1353,"date":"2021-03-22T09:23:55","date_gmt":"2021-03-22T07:23:55","guid":{"rendered":"http:\/\/www.kio123456789.com\/?page_id=1353"},"modified":"2021-03-22T09:23:56","modified_gmt":"2021-03-22T07:23:56","slug":"information-om-webbplatsen","status":"publish","type":"page","link":"https:\/\/hiilihelppi.fi\/sv\/information-om-webbplatsen\/","title":{"rendered":"Information om webbplatsen"},"content":{"rendered":"\n<h4>Vad?<\/h4>\n\n\n\n<p>Hiilihelppi \u2013 en webbplats med koldioxidtips anpassade till just din bostadsort och hustyp, som ger r\u00e5d om hur du kan p\u00e5verka klimatf\u00f6r\u00e4ndringen, spara naturresurser och bevara den biologiska m\u00e5ngfalden i boendet, p\u00e5 fritiden och under byggandet. Du kan samla metoderna och tipsen till en egen checklista och sedan dela den som inspiration till dina v\u00e4nner.<\/p>\n\n\n\n<h4>Varf\u00f6r?<\/h4>\n\n\n\n<p>Klimatf\u00f6r\u00e4ndringarna forts\u00e4tter, naturresurserna utarmas och arterna d\u00f6r ut i en alarmerande takt. V\u00e5r livsstil \u00e4r inte h\u00e5llbar. \u00c4ven om l\u00e4get \u00e4r allvarligt kan mycket fortfarande g\u00f6ras \u2013 utan att \u00e4ventyra bekv\u00e4mligheten och levnadskostnaderna. Ofta f\u00f6rb\u00e4ttrar l\u00f6sningarna ocks\u00e5 bostadskvaliteten och minskar kostnaderna. Sm\u00e5 och stora \u00e5tg\u00e4rder beh\u00f6vs, b\u00e5de i konsumenternas vardag, i den globala politiken och i hush\u00e5llet.  <\/p>\n\n\n\n<h4>F\u00f6r vem?<\/h4>\n\n\n\n<p>Tipsen \u00e4r till f\u00f6r husk\u00f6paren, renoveraren, byggaren, sommarstuge\u00e4garen och alla typer av inv\u00e5nare, fr\u00e5n soffpotatisar och till hemmafixare. Det finns inte bara ett r\u00e4tt s\u00e4tt eller en r\u00e4tt plats att leva p\u00e5. Olika milj\u00f6er och olika hus och hush\u00e5ll hittar sina egna l\u00f6sningar f\u00f6r att begr\u00e4nsa milj\u00f6krisen och minska koldioxidavtrycket.   <\/p>\n\n\n\n<h4>Fr\u00e5n vem?<\/h4>\n\n\n\n<p>Hiilihelppi \u00e4r en n\u00e4ttj\u00e4nst som drivs av tidningen Suomen Luonto, milj\u00f6ministeriet och Sitra. Textinneh\u00e5llet \u00e4r skapat av <strong>Pekka H\u00e4nninen<\/strong> \/ IAH arkkitehtuuritoimisto, grafiken av <strong>Jolanda Jokinen<\/strong> och webbmaster \u00e4r <strong>Janne Ahvo<\/strong> \/ DDR.<\/p>\n","protected":false},"excerpt":{"rendered":"<p>Vad? Hiilihelppi \u2013 en webbplats med koldioxidtips anpassade till just din bostadsort och hustyp, som ger r\u00e5d om hur du kan p\u00e5verka klimatf\u00f6r\u00e4ndringen, spara naturresurser och bevara den biologiska m\u00e5ngfalden i boendet, p\u00e5 fritiden och under byggandet. Du kan samla metoderna och tipsen till en egen checklista och sedan dela den som inspiration till dina [&hellip;]<\/p>\n","protected":false},"author":2,"featured_media":0,"parent":0,"menu_order":0,"comment_status":"closed","ping_status":"closed","template":"","meta":[],"yoast_head":"<!-- This site is optimized with the Yoast SEO plugin v16.1.1 - https:\/\/yoast.com\/wordpress\/plugins\/seo\/ -->\n<link rel=\"canonical\" href=\"https:\/\/hiilihelppi.fi\/sv\/information-om-webbplatsen\/\" \/>\n<meta property=\"og:locale\" content=\"sv_SE\" \/>\n<meta property=\"og:type\" content=\"article\" \/>\n<meta property=\"og:title\" content=\"Information om webbplatsen - Hiilihelppi\" \/>\n<meta property=\"og:description\" content=\"Vad? Hiilihelppi \u2013 en webbplats med koldioxidtips anpassade till just din bostadsort och hustyp, som ger r\u00e5d om hur du kan p\u00e5verka klimatf\u00f6r\u00e4ndringen, spara naturresurser och bevara den biologiska m\u00e5ngfalden i boendet, p\u00e5 fritiden och under byggandet. Du kan samla metoderna och tipsen till en egen checklista och sedan dela den som inspiration till dina [&hellip;]\" \/>\n<meta property=\"og:url\" content=\"https:\/\/hiilihelppi.fi\/sv\/information-om-webbplatsen\/\" \/>\n<meta property=\"og:site_name\" content=\"Hiilihelppi\" \/>\n<meta property=\"article:modified_time\" content=\"2021-03-22T07:23:56+00:00\" \/>\n<meta property=\"og:image\" content=\"https:\/\/hiilihelppi.fi\/wp-content\/uploads\/2021\/04\/HH_somejako2.jpg\" \/>\n\t<meta property=\"og:image:width\" content=\"2000\" \/>\n\t<meta property=\"og:image:height\" content=\"1050\" \/>\n<meta name=\"twitter:card\" content=\"summary_large_image\" \/>\n<meta name=\"twitter:label1\" content=\"Ber\u00e4knad l\u00e4stid\">\n\t<meta name=\"twitter:data1\" content=\"1 minut\">\n<script type=\"application\/ld+json\" class=\"yoast-schema-graph\">{\"@context\":\"https:\/\/schema.org\",\"@graph\":[{\"@type\":\"WebSite\",\"@id\":\"https:\/\/hiilihelppi.fi\/#website\",\"url\":\"https:\/\/hiilihelppi.fi\/\",\"name\":\"Hiilihelppi\",\"description\":\"Joka kodin ilmastovinkit\",\"potentialAction\":[{\"@type\":\"SearchAction\",\"target\":\"https:\/\/hiilihelppi.fi\/?s={search_term_string}\",\"query-input\":\"required name=search_term_string\"}],\"inLanguage\":\"sv-SE\"},{\"@type\":\"WebPage\",\"@id\":\"https:\/\/hiilihelppi.fi\/sv\/information-om-webbplatsen\/#webpage\",\"url\":\"https:\/\/hiilihelppi.fi\/sv\/information-om-webbplatsen\/\",\"name\":\"Information om webbplatsen - Hiilihelppi\",\"isPartOf\":{\"@id\":\"https:\/\/hiilihelppi.fi\/#website\"},\"datePublished\":\"2021-03-22T07:23:55+00:00\",\"dateModified\":\"2021-03-22T07:23:56+00:00\",\"breadcrumb\":{\"@id\":\"https:\/\/hiilihelppi.fi\/sv\/information-om-webbplatsen\/#breadcrumb\"},\"inLanguage\":\"sv-SE\",\"potentialAction\":[{\"@type\":\"ReadAction\",\"target\":[\"https:\/\/hiilihelppi.fi\/sv\/information-om-webbplatsen\/\"]}]},{\"@type\":\"BreadcrumbList\",\"@id\":\"https:\/\/hiilihelppi.fi\/sv\/information-om-webbplatsen\/#breadcrumb\",\"itemListElement\":[{\"@type\":\"ListItem\",\"position\":1,\"item\":{\"@type\":\"WebPage\",\"@id\":\"https:\/\/hiilihelppi.fi\/sv\/\",\"url\":\"https:\/\/hiilihelppi.fi\/sv\/\",\"name\":\"Etusivu\"}},{\"@type\":\"ListItem\",\"position\":2,\"item\":{\"@type\":\"WebPage\",\"@id\":\"https:\/\/hiilihelppi.fi\/sv\/information-om-webbplatsen\/\",\"url\":\"https:\/\/hiilihelppi.fi\/sv\/information-om-webbplatsen\/\",\"name\":\"Information om webbplatsen\"}}]}]}<\/script>\n<!-- \/ Yoast SEO plugin. -->","_links":{"self":[{"href":"https:\/\/hiilihelppi.fi\/sv\/wp-json\/wp\/v2\/pages\/1353"}],"collection":[{"href":"https:\/\/hiilihelppi.fi\/sv\/wp-json\/wp\/v2\/pages"}],"about":[{"href":"https:\/\/hiilihelppi.fi\/sv\/wp-json\/wp\/v2\/types\/page"}],"author":[{"embeddable":true,"href":"https:\/\/hiilihelppi.fi\/sv\/wp-json\/wp\/v2\/users\/2"}],"replies":[{"embeddable":true,"href":"https:\/\/hiilihelppi.fi\/sv\/wp-json\/wp\/v2\/comments?post=1353"}],"version-history":[{"count":1,"href":"https:\/\/hiilihelppi.fi\/sv\/wp-json\/wp\/v2\/pages\/1353\/revisions"}],"predecessor-version":[{"id":1354,"href":"https:\/\/hiilihelppi.fi\/sv\/wp-json\/wp\/v2\/pages\/1353\/revisions\/1354"}],"wp:attachment":[{"href":"https:\/\/hiilihelppi.fi\/sv\/wp-json\/wp\/v2\/media?parent=1353"}],"curies":[{"name":"wp","href":"https:\/\/api.w.org\/{rel}","templated":true}]}}