{"id":1356,"date":"2021-03-22T09:27:38","date_gmt":"2021-03-22T07:27:38","guid":{"rendered":"http:\/\/www.kio123456789.com\/?page_id=1356"},"modified":"2021-03-22T09:27:38","modified_gmt":"2021-03-22T07:27:38","slug":"dataskyddsredogorelse","status":"publish","type":"page","link":"https:\/\/hiilihelppi.fi\/sv\/dataskyddsredogorelse\/","title":{"rendered":"Dataskyddsredog\u00f6relse"},"content":{"rendered":"\n<p>Cookies \u00e4r sm\u00e5 textfiler som kopplar ihop webbl\u00e4saren med servern. Vi anv\u00e4nder cookies p\u00e5 v\u00e5r webbplats f\u00f6r att kunna utveckla v\u00e5ra onlinetj\u00e4nster och underl\u00e4tta s\u00f6kning av information. De val du g\u00f6r lagras p\u00e5 din lokala enhet med hj\u00e4lp av cookies. Du kan f\u00f6rhindra anv\u00e4ndningen av cookies genom att inaktivera cookies i webbl\u00e4sarens inst\u00e4llningar, eller genom att ta bort cookies fr\u00e5n din webbl\u00e4sare. Cookies anv\u00e4nds inte f\u00f6r att lagra personuppgifter.<\/p>\n\n\n\n<p>F\u00f6ljande tredjepartscookies anv\u00e4nds p\u00e5 v\u00e5r webbplats:<\/p>\n\n\n\n<h4>Val som g\u00f6rs i tj\u00e4nsten<\/h4>\n\n\n\n<p>De val du g\u00f6r p\u00e5 webbplatsen sparas endast p\u00e5 din egen dator genom cookies.<\/p>\n\n\n\n<h4>Google Analytics<\/h4>\n\n\n\n<p>Google Analytics \u00f6vervakar anv\u00e4ndningen av webbplatsen och skapar rapporter f\u00f6r att f\u00f6rb\u00e4ttra anv\u00e4ndarens upplevelse av webbplatsen och underl\u00e4tta informationss\u00f6kningen. Cookies som anv\u00e4nds av tj\u00e4nsten lagras i 24 m\u00e5nader.  <\/p>\n\n\n\n<h4>Kontaktperson:<\/h4>\n\n\n\n<p>Webbproducent Annakaisa V\u00e4nttinen, f\u00f6rnamn.efternamn@suomenluonto.fi<\/p>\n\n\n\n<h4>Kontaktuppgifter:<\/h4>\n\n\n\n<p>Suomen Luonto<br>\u00d6sterviksgatan 22b A, 00210 Helsingfors<br>09-228 08\u00a0210 (vard. kl. 9\u201315) <br><a href=\"http:\/\/www.suomenluonto.fi\">www.suomenluonto.fi<\/a><\/p>\n\n\n\n<p><\/p>\n","protected":false},"excerpt":{"rendered":"<p>Cookies \u00e4r sm\u00e5 textfiler som kopplar ihop webbl\u00e4saren med servern. Vi anv\u00e4nder cookies p\u00e5 v\u00e5r webbplats f\u00f6r att kunna utveckla v\u00e5ra onlinetj\u00e4nster och underl\u00e4tta s\u00f6kning av information. De val du g\u00f6r lagras p\u00e5 din lokala enhet med hj\u00e4lp av cookies. Du kan f\u00f6rhindra anv\u00e4ndningen av cookies genom att inaktivera cookies i webbl\u00e4sarens inst\u00e4llningar, eller genom [&hellip;]<\/p>\n","protected":false},"author":2,"featured_media":0,"parent":0,"menu_order":0,"comment_status":"closed","ping_status":"open","template":"","meta":[],"yoast_head":"<!-- This site is optimized with the Yoast SEO plugin v16.1.1 - https:\/\/yoast.com\/wordpress\/plugins\/seo\/ -->\n<link rel=\"canonical\" href=\"https:\/\/hiilihelppi.fi\/sv\/dataskyddsredogorelse\/\" \/>\n<meta property=\"og:locale\" content=\"sv_SE\" \/>\n<meta property=\"og:type\" content=\"article\" \/>\n<meta property=\"og:title\" content=\"Dataskyddsredog\u00f6relse - Hiilihelppi\" \/>\n<meta property=\"og:description\" content=\"Cookies \u00e4r sm\u00e5 textfiler som kopplar ihop webbl\u00e4saren med servern. Vi anv\u00e4nder cookies p\u00e5 v\u00e5r webbplats f\u00f6r att kunna utveckla v\u00e5ra onlinetj\u00e4nster och underl\u00e4tta s\u00f6kning av information. De val du g\u00f6r lagras p\u00e5 din lokala enhet med hj\u00e4lp av cookies. Du kan f\u00f6rhindra anv\u00e4ndningen av cookies genom att inaktivera cookies i webbl\u00e4sarens inst\u00e4llningar, eller genom [&hellip;]\" \/>\n<meta property=\"og:url\" content=\"https:\/\/hiilihelppi.fi\/sv\/dataskyddsredogorelse\/\" \/>\n<meta property=\"og:site_name\" content=\"Hiilihelppi\" \/>\n<meta property=\"og:image\" content=\"https:\/\/hiilihelppi.fi\/wp-content\/uploads\/2021\/04\/HH_somejako2.jpg\" \/>\n\t<meta property=\"og:image:width\" content=\"2000\" \/>\n\t<meta property=\"og:image:height\" content=\"1050\" \/>\n<meta name=\"twitter:card\" content=\"summary_large_image\" \/>\n<meta name=\"twitter:label1\" content=\"Ber\u00e4knad l\u00e4stid\">\n\t<meta name=\"twitter:data1\" content=\"1 minut\">\n<script type=\"application\/ld+json\" class=\"yoast-schema-graph\">{\"@context\":\"https:\/\/schema.org\",\"@graph\":[{\"@type\":\"WebSite\",\"@id\":\"https:\/\/hiilihelppi.fi\/#website\",\"url\":\"https:\/\/hiilihelppi.fi\/\",\"name\":\"Hiilihelppi\",\"description\":\"Joka kodin ilmastovinkit\",\"potentialAction\":[{\"@type\":\"SearchAction\",\"target\":\"https:\/\/hiilihelppi.fi\/?s={search_term_string}\",\"query-input\":\"required name=search_term_string\"}],\"inLanguage\":\"sv-SE\"},{\"@type\":\"WebPage\",\"@id\":\"https:\/\/hiilihelppi.fi\/sv\/dataskyddsredogorelse\/#webpage\",\"url\":\"https:\/\/hiilihelppi.fi\/sv\/dataskyddsredogorelse\/\",\"name\":\"Dataskyddsredog\\u00f6relse - Hiilihelppi\",\"isPartOf\":{\"@id\":\"https:\/\/hiilihelppi.fi\/#website\"},\"datePublished\":\"2021-03-22T07:27:38+00:00\",\"dateModified\":\"2021-03-22T07:27:38+00:00\",\"breadcrumb\":{\"@id\":\"https:\/\/hiilihelppi.fi\/sv\/dataskyddsredogorelse\/#breadcrumb\"},\"inLanguage\":\"sv-SE\",\"potentialAction\":[{\"@type\":\"ReadAction\",\"target\":[\"https:\/\/hiilihelppi.fi\/sv\/dataskyddsredogorelse\/\"]}]},{\"@type\":\"BreadcrumbList\",\"@id\":\"https:\/\/hiilihelppi.fi\/sv\/dataskyddsredogorelse\/#breadcrumb\",\"itemListElement\":[{\"@type\":\"ListItem\",\"position\":1,\"item\":{\"@type\":\"WebPage\",\"@id\":\"https:\/\/hiilihelppi.fi\/sv\/\",\"url\":\"https:\/\/hiilihelppi.fi\/sv\/\",\"name\":\"Etusivu\"}},{\"@type\":\"ListItem\",\"position\":2,\"item\":{\"@type\":\"WebPage\",\"@id\":\"https:\/\/hiilihelppi.fi\/sv\/dataskyddsredogorelse\/\",\"url\":\"https:\/\/hiilihelppi.fi\/sv\/dataskyddsredogorelse\/\",\"name\":\"Dataskyddsredog\\u00f6relse\"}}]}]}<\/script>\n<!-- \/ Yoast SEO plugin. -->","_links":{"self":[{"href":"https:\/\/hiilihelppi.fi\/sv\/wp-json\/wp\/v2\/pages\/1356"}],"collection":[{"href":"https:\/\/hiilihelppi.fi\/sv\/wp-json\/wp\/v2\/pages"}],"about":[{"href":"https:\/\/hiilihelppi.fi\/sv\/wp-json\/wp\/v2\/types\/page"}],"author":[{"embeddable":true,"href":"https:\/\/hiilihelppi.fi\/sv\/wp-json\/wp\/v2\/users\/2"}],"replies":[{"embeddable":true,"href":"https:\/\/hiilihelppi.fi\/sv\/wp-json\/wp\/v2\/comments?post=1356"}],"version-history":[{"count":1,"href":"https:\/\/hiilihelppi.fi\/sv\/wp-json\/wp\/v2\/pages\/1356\/revisions"}],"predecessor-version":[{"id":1357,"href":"https:\/\/hiilihelppi.fi\/sv\/wp-json\/wp\/v2\/pages\/1356\/revisions\/1357"}],"wp:attachment":[{"href":"https:\/\/hiilihelppi.fi\/sv\/wp-json\/wp\/v2\/media?parent=1356"}],"curies":[{"name":"wp","href":"https:\/\/api.w.org\/{rel}","templated":true}]}}