{"id":1382,"date":"2021-03-23T09:48:42","date_gmt":"2021-03-23T07:48:42","guid":{"rendered":"http:\/\/www.kio123456789.com\/?page_id=1382"},"modified":"2021-04-28T09:22:24","modified_gmt":"2021-04-28T06:22:24","slug":"tillganglighet","status":"publish","type":"page","link":"https:\/\/hiilihelppi.fi\/sv\/tillganglighet\/","title":{"rendered":"Tillg\u00e4nglighetsutl\u00e5tande"},"content":{"rendered":"\n<p>Detta \u00e4r ett tillg\u00e4nglighetsutl\u00e5tande f\u00f6r Suomen Luonto\/Finlands naturskyddsf\u00f6rbund.<br>Detta tillg\u00e4nglighetsutl\u00e5tande g\u00e4ller f\u00f6r tj\u00e4nsten www.hiilihelppi.fi och har utarbetats\/uppdaterats den 14 april 2021. Tj\u00e4nsten omfattas av lagen om tillhandah\u00e5llande av digitala tj\u00e4nster, som kr\u00e4ver att offentliga onlinetj\u00e4nster m\u00e5ste vara tillg\u00e4ngliga.<\/p>\n\n\n\n<p>Vi har sj\u00e4lva utv\u00e4rderat tj\u00e4nstens tillg\u00e4nglighet.<\/p>\n\n\n\n<p>Tillg\u00e4nglighetsstatus f\u00f6r den digitala tj\u00e4nsten:<br>Uppfyller delvis tillg\u00e4nglighetskraven.<\/p>\n\n\n\n<p>Ej tillg\u00e4ngligt inneh\u00e5ll:<\/p>\n\n\n\n<ol start=\"3\"><li>Webbplatsen \u00f6verensst\u00e4mmer inte helt med kraven<br>B\u00f6r \u00e5tg\u00e4rdas: Tabeller<br>O\u00e5tkomligt inneh\u00e5ll och dess brister<br>Det finns en del tabeller p\u00e5 webbplatsen som visas i form av bilder.<\/li><\/ol>\n\n\n\n<p>Tillg\u00e4nglighetskrav som inte uppfylls<br>2.5.3 Etikett i namnet<br><br>Har du hittat en brist p\u00e5 tillg\u00e4nglighet i v\u00e5r digitala tj\u00e4nst? Tala om det f\u00f6r oss s\u00e5 ska vi g\u00f6ra v\u00e5rt b\u00e4sta f\u00f6r att avhj\u00e4lpa bristen!<br>E-post:&nbsp;<a href=\"mailto:palaute@suomenluonto.fi\"><u>palaute@suomenluonto.fi<\/u><\/a><\/p>\n\n\n\n<p>Tillsynsmyndighet<br>Om du uppt\u00e4cker tillg\u00e4nglighetsproblem p\u00e5 webbplatsen, ge oss, som underh\u00e5ller webbplatsen, feedback. Det kan ta upp till 14 dagar innan vi svarar. Om du inte \u00e4r n\u00f6jd med det svar du f\u00e5tt, eller om du inte f\u00e5r n\u00e5got svar inom tv\u00e5 veckor, kan du anm\u00e4la saken till Regionf\u00f6rvaltningsverket i S\u00f6dra Finland. \u00d6ppnas i ett nytt f\u00f6nster. P\u00e5 webbplatsen f\u00f6r Regionf\u00f6rvaltningsverket i S\u00f6dra Finland beskrivs hur du g\u00f6r en anm\u00e4lan och hur \u00e4rendet hanteras.<\/p>\n\n\n\n<p>Tillsynsmyndighetens kontaktuppgifter:<br>Regionf\u00f6rvaltningsverket i S\u00f6dra Finland<br>Enheten f\u00f6r tillg\u00e4nglighetstillsyn<br><a href=\"http:\/\/www.saavutettavuusvaatimukset.fi\/\">www.tillg\u00e4nglighetskrav.fi<\/a><br>webbtillganglighet@rfv.f<br>Telefonnummer v\u00e4xel 0295 016 000<\/p>\n","protected":false},"excerpt":{"rendered":"<p>Detta \u00e4r ett tillg\u00e4nglighetsutl\u00e5tande f\u00f6r Suomen Luonto\/Finlands naturskyddsf\u00f6rbund.Detta tillg\u00e4nglighetsutl\u00e5tande g\u00e4ller f\u00f6r tj\u00e4nsten www.hiilihelppi.fi och har utarbetats\/uppdaterats den 14 april 2021. Tj\u00e4nsten omfattas av lagen om tillhandah\u00e5llande av digitala tj\u00e4nster, som kr\u00e4ver att offentliga onlinetj\u00e4nster m\u00e5ste vara tillg\u00e4ngliga. Vi har sj\u00e4lva utv\u00e4rderat tj\u00e4nstens tillg\u00e4nglighet. Tillg\u00e4nglighetsstatus f\u00f6r den digitala tj\u00e4nsten:Uppfyller delvis tillg\u00e4nglighetskraven. Ej tillg\u00e4ngligt inneh\u00e5ll: Webbplatsen \u00f6verensst\u00e4mmer [&hellip;]<\/p>\n","protected":false},"author":1,"featured_media":0,"parent":0,"menu_order":0,"comment_status":"closed","ping_status":"closed","template":"","meta":[],"yoast_head":"<!-- This site is optimized with the Yoast SEO plugin v16.1.1 - https:\/\/yoast.com\/wordpress\/plugins\/seo\/ -->\n<link rel=\"canonical\" href=\"https:\/\/hiilihelppi.fi\/sv\/tillganglighet\/\" \/>\n<meta property=\"og:locale\" content=\"sv_SE\" \/>\n<meta property=\"og:type\" content=\"article\" \/>\n<meta property=\"og:title\" content=\"Tillg\u00e4nglighetsutl\u00e5tande - Hiilihelppi\" \/>\n<meta property=\"og:description\" content=\"Detta \u00e4r ett tillg\u00e4nglighetsutl\u00e5tande f\u00f6r Suomen Luonto\/Finlands naturskyddsf\u00f6rbund.Detta tillg\u00e4nglighetsutl\u00e5tande g\u00e4ller f\u00f6r tj\u00e4nsten www.hiilihelppi.fi och har utarbetats\/uppdaterats den 14 april 2021. Tj\u00e4nsten omfattas av lagen om tillhandah\u00e5llande av digitala tj\u00e4nster, som kr\u00e4ver att offentliga onlinetj\u00e4nster m\u00e5ste vara tillg\u00e4ngliga. Vi har sj\u00e4lva utv\u00e4rderat tj\u00e4nstens tillg\u00e4nglighet. Tillg\u00e4nglighetsstatus f\u00f6r den digitala tj\u00e4nsten:Uppfyller delvis tillg\u00e4nglighetskraven. Ej tillg\u00e4ngligt inneh\u00e5ll: Webbplatsen \u00f6verensst\u00e4mmer [&hellip;]\" \/>\n<meta property=\"og:url\" content=\"https:\/\/hiilihelppi.fi\/sv\/tillganglighet\/\" \/>\n<meta property=\"og:site_name\" content=\"Hiilihelppi\" \/>\n<meta property=\"article:modified_time\" content=\"2021-04-28T06:22:24+00:00\" \/>\n<meta property=\"og:image\" content=\"https:\/\/hiilihelppi.fi\/wp-content\/uploads\/2021\/04\/HH_somejako2.jpg\" \/>\n\t<meta property=\"og:image:width\" content=\"2000\" \/>\n\t<meta property=\"og:image:height\" content=\"1050\" \/>\n<meta name=\"twitter:card\" content=\"summary_large_image\" \/>\n<meta name=\"twitter:label1\" content=\"Ber\u00e4knad l\u00e4stid\">\n\t<meta name=\"twitter:data1\" content=\"1 minut\">\n<script type=\"application\/ld+json\" class=\"yoast-schema-graph\">{\"@context\":\"https:\/\/schema.org\",\"@graph\":[{\"@type\":\"WebSite\",\"@id\":\"https:\/\/hiilihelppi.fi\/#website\",\"url\":\"https:\/\/hiilihelppi.fi\/\",\"name\":\"Hiilihelppi\",\"description\":\"Joka kodin ilmastovinkit\",\"potentialAction\":[{\"@type\":\"SearchAction\",\"target\":\"https:\/\/hiilihelppi.fi\/?s={search_term_string}\",\"query-input\":\"required name=search_term_string\"}],\"inLanguage\":\"sv-SE\"},{\"@type\":\"WebPage\",\"@id\":\"https:\/\/hiilihelppi.fi\/sv\/tillganglighet\/#webpage\",\"url\":\"https:\/\/hiilihelppi.fi\/sv\/tillganglighet\/\",\"name\":\"Tillg\\u00e4nglighetsutl\\u00e5tande - Hiilihelppi\",\"isPartOf\":{\"@id\":\"https:\/\/hiilihelppi.fi\/#website\"},\"datePublished\":\"2021-03-23T07:48:42+00:00\",\"dateModified\":\"2021-04-28T06:22:24+00:00\",\"breadcrumb\":{\"@id\":\"https:\/\/hiilihelppi.fi\/sv\/tillganglighet\/#breadcrumb\"},\"inLanguage\":\"sv-SE\",\"potentialAction\":[{\"@type\":\"ReadAction\",\"target\":[\"https:\/\/hiilihelppi.fi\/sv\/tillganglighet\/\"]}]},{\"@type\":\"BreadcrumbList\",\"@id\":\"https:\/\/hiilihelppi.fi\/sv\/tillganglighet\/#breadcrumb\",\"itemListElement\":[{\"@type\":\"ListItem\",\"position\":1,\"item\":{\"@type\":\"WebPage\",\"@id\":\"https:\/\/hiilihelppi.fi\/sv\/\",\"url\":\"https:\/\/hiilihelppi.fi\/sv\/\",\"name\":\"Etusivu\"}},{\"@type\":\"ListItem\",\"position\":2,\"item\":{\"@type\":\"WebPage\",\"@id\":\"https:\/\/hiilihelppi.fi\/sv\/tillganglighet\/\",\"url\":\"https:\/\/hiilihelppi.fi\/sv\/tillganglighet\/\",\"name\":\"Tillg\\u00e4nglighetsutl\\u00e5tande\"}}]}]}<\/script>\n<!-- \/ Yoast SEO plugin. -->","_links":{"self":[{"href":"https:\/\/hiilihelppi.fi\/sv\/wp-json\/wp\/v2\/pages\/1382"}],"collection":[{"href":"https:\/\/hiilihelppi.fi\/sv\/wp-json\/wp\/v2\/pages"}],"about":[{"href":"https:\/\/hiilihelppi.fi\/sv\/wp-json\/wp\/v2\/types\/page"}],"author":[{"embeddable":true,"href":"https:\/\/hiilihelppi.fi\/sv\/wp-json\/wp\/v2\/users\/1"}],"replies":[{"embeddable":true,"href":"https:\/\/hiilihelppi.fi\/sv\/wp-json\/wp\/v2\/comments?post=1382"}],"version-history":[{"count":2,"href":"https:\/\/hiilihelppi.fi\/sv\/wp-json\/wp\/v2\/pages\/1382\/revisions"}],"predecessor-version":[{"id":1464,"href":"https:\/\/hiilihelppi.fi\/sv\/wp-json\/wp\/v2\/pages\/1382\/revisions\/1464"}],"wp:attachment":[{"href":"https:\/\/hiilihelppi.fi\/sv\/wp-json\/wp\/v2\/media?parent=1382"}],"curies":[{"name":"wp","href":"https:\/\/api.w.org\/{rel}","templated":true}]}}