{"id":666,"date":"2021-01-25T12:37:10","date_gmt":"2021-01-25T10:37:10","guid":{"rendered":"http:\/\/www.kio123456789.com\/?page_id=666"},"modified":"2021-03-09T11:59:09","modified_gmt":"2021-03-09T09:59:09","slug":"hemsidan","status":"publish","type":"page","link":"https:\/\/hiilihelppi.fi\/sv\/","title":{"rendered":"Du kan p\u00e5verka"},"content":{"rendered":"\n<p>Bost\u00e4derna st\u00e5r f\u00f6r en dryg fj\u00e4rdedel av den genomsnittliga finl\u00e4ndarens koldioxidavtryck. Du kan minska ditt koldioxidavtryck fr\u00e5n boendet, inte bara genom tekniska l\u00f6sningar, utan ocks\u00e5 genom att \u00e4ndra dina levnadsvanor. Du kan p\u00e5verka i bostadsaktiebolaget, grannskapet eller bostadsomr\u00e5det i riktning mot h\u00e5llbara val.<\/p>\n\n\n\n<p>F\u00f6r att kunna f\u00f6resl\u00e5 de b\u00e4sta metoderna att p\u00e5verka, vill vi veta n\u00e5got om dig. N\u00e4r du har svarat p\u00e5 fr\u00e5gorna, ger vi dig de b\u00e4sta tipsen.<\/p>\n","protected":false},"excerpt":{"rendered":"<p>Bost\u00e4derna st\u00e5r f\u00f6r en dryg fj\u00e4rdedel av den genomsnittliga finl\u00e4ndarens koldioxidavtryck. Du kan minska ditt koldioxidavtryck fr\u00e5n boendet, inte bara genom tekniska l\u00f6sningar, utan ocks\u00e5 genom att \u00e4ndra dina levnadsvanor. Du kan p\u00e5verka i bostadsaktiebolaget, grannskapet eller bostadsomr\u00e5det i riktning mot h\u00e5llbara val. F\u00f6r att kunna f\u00f6resl\u00e5 de b\u00e4sta metoderna att p\u00e5verka, vill vi veta [&hellip;]<\/p>\n","protected":false},"author":1,"featured_media":0,"parent":0,"menu_order":0,"comment_status":"closed","ping_status":"open","template":"","meta":[],"yoast_head":"<!-- This site is optimized with the Yoast SEO plugin v16.1.1 - https:\/\/yoast.com\/wordpress\/plugins\/seo\/ -->\n<link rel=\"canonical\" href=\"https:\/\/hiilihelppi.fi\/sv\/\" \/>\n<meta property=\"og:locale\" content=\"sv_SE\" \/>\n<meta property=\"og:type\" content=\"article\" \/>\n<meta property=\"og:title\" content=\"Du kan p\u00e5verka - Hiilihelppi\" \/>\n<meta property=\"og:description\" content=\"Bost\u00e4derna st\u00e5r f\u00f6r en dryg fj\u00e4rdedel av den genomsnittliga finl\u00e4ndarens koldioxidavtryck. Du kan minska ditt koldioxidavtryck fr\u00e5n boendet, inte bara genom tekniska l\u00f6sningar, utan ocks\u00e5 genom att \u00e4ndra dina levnadsvanor. Du kan p\u00e5verka i bostadsaktiebolaget, grannskapet eller bostadsomr\u00e5det i riktning mot h\u00e5llbara val. F\u00f6r att kunna f\u00f6resl\u00e5 de b\u00e4sta metoderna att p\u00e5verka, vill vi veta [&hellip;]\" \/>\n<meta property=\"og:url\" content=\"https:\/\/hiilihelppi.fi\/sv\/\" \/>\n<meta property=\"og:site_name\" content=\"Hiilihelppi\" \/>\n<meta property=\"article:modified_time\" content=\"2021-03-09T09:59:09+00:00\" \/>\n<meta property=\"og:image\" content=\"https:\/\/hiilihelppi.fi\/wp-content\/uploads\/2021\/04\/HH_somejako2.jpg\" \/>\n\t<meta property=\"og:image:width\" content=\"2000\" \/>\n\t<meta property=\"og:image:height\" content=\"1050\" \/>\n<meta name=\"twitter:card\" content=\"summary_large_image\" \/>\n<script type=\"application\/ld+json\" class=\"yoast-schema-graph\">{\"@context\":\"https:\/\/schema.org\",\"@graph\":[{\"@type\":\"WebSite\",\"@id\":\"https:\/\/hiilihelppi.fi\/#website\",\"url\":\"https:\/\/hiilihelppi.fi\/\",\"name\":\"Hiilihelppi\",\"description\":\"Joka kodin ilmastovinkit\",\"potentialAction\":[{\"@type\":\"SearchAction\",\"target\":\"https:\/\/hiilihelppi.fi\/?s={search_term_string}\",\"query-input\":\"required name=search_term_string\"}],\"inLanguage\":\"sv-SE\"},{\"@type\":\"WebPage\",\"@id\":\"https:\/\/hiilihelppi.fi\/sv\/#webpage\",\"url\":\"https:\/\/hiilihelppi.fi\/sv\/\",\"name\":\"Du kan p\\u00e5verka - Hiilihelppi\",\"isPartOf\":{\"@id\":\"https:\/\/hiilihelppi.fi\/#website\"},\"datePublished\":\"2021-01-25T10:37:10+00:00\",\"dateModified\":\"2021-03-09T09:59:09+00:00\",\"breadcrumb\":{\"@id\":\"https:\/\/hiilihelppi.fi\/sv\/#breadcrumb\"},\"inLanguage\":\"sv-SE\",\"potentialAction\":[{\"@type\":\"ReadAction\",\"target\":[\"https:\/\/hiilihelppi.fi\/sv\/\"]}]},{\"@type\":\"BreadcrumbList\",\"@id\":\"https:\/\/hiilihelppi.fi\/sv\/#breadcrumb\",\"itemListElement\":[{\"@type\":\"ListItem\",\"position\":1,\"item\":{\"@type\":\"WebPage\",\"@id\":\"https:\/\/hiilihelppi.fi\/sv\/\",\"url\":\"https:\/\/hiilihelppi.fi\/sv\/\",\"name\":\"Etusivu\"}},{\"@type\":\"ListItem\",\"position\":2,\"item\":{\"@type\":\"WebPage\",\"@id\":\"https:\/\/hiilihelppi.fi\/sv\/\",\"url\":\"https:\/\/hiilihelppi.fi\/sv\/\",\"name\":\"Du kan p\\u00e5verka\"}}]}]}<\/script>\n<!-- \/ Yoast SEO plugin. -->","_links":{"self":[{"href":"https:\/\/hiilihelppi.fi\/sv\/wp-json\/wp\/v2\/pages\/666"}],"collection":[{"href":"https:\/\/hiilihelppi.fi\/sv\/wp-json\/wp\/v2\/pages"}],"about":[{"href":"https:\/\/hiilihelppi.fi\/sv\/wp-json\/wp\/v2\/types\/page"}],"author":[{"embeddable":true,"href":"https:\/\/hiilihelppi.fi\/sv\/wp-json\/wp\/v2\/users\/1"}],"replies":[{"embeddable":true,"href":"https:\/\/hiilihelppi.fi\/sv\/wp-json\/wp\/v2\/comments?post=666"}],"version-history":[{"count":3,"href":"https:\/\/hiilihelppi.fi\/sv\/wp-json\/wp\/v2\/pages\/666\/revisions"}],"predecessor-version":[{"id":1078,"href":"https:\/\/hiilihelppi.fi\/sv\/wp-json\/wp\/v2\/pages\/666\/revisions\/1078"}],"wp:attachment":[{"href":"https:\/\/hiilihelppi.fi\/sv\/wp-json\/wp\/v2\/media?parent=666"}],"curies":[{"name":"wp","href":"https:\/\/api.w.org\/{rel}","templated":true}]}}