{"id":668,"date":"2020-08-26T17:30:15","date_gmt":"2020-08-26T14:30:15","guid":{"rendered":"http:\/\/www.kio123456789.com\/kulutuksen-hiilijalanjalki\/"},"modified":"2021-04-01T10:58:24","modified_gmt":"2021-04-01T07:58:24","slug":"kulutuksen-hiilijalanjalki","status":"publish","type":"page","link":"https:\/\/hiilihelppi.fi\/sv\/kulutuksen-hiilijalanjalki\/","title":{"rendered":"Konsumtionens koldioxidavtryck"},"content":{"rendered":"\n<p>Ett koldioxidavtryck \u00e4r en m\u00e5ttenhet som beskriver till exempel en individs, en varas eller en aktivitets klimatp\u00e5verkan under en viss tidsperiod: f\u00f6r m\u00e4nniskor r\u00e4knas koldioxidavtrycket ofta under ett kalender\u00e5r, men f\u00f6r en produkt eller aktivitet r\u00e4knas hela livscykeln. I finl\u00e4ndarnas koldioxidavtryck ing\u00e5r ocks\u00e5 utsl\u00e4pp fr\u00e5n varor och tj\u00e4nster som vi anv\u00e4nder, men som produceras utomlands.  <\/p>\n\n\n\n<p>Den genomsnittliga finl\u00e4ndarens koldioxidavtryck \u00e4r enligt <a href=\"https:\/\/helda.helsinki.fi\/handle\/10138\/300737\">Finlands milj\u00f6central<\/a> ungef\u00e4r 11&nbsp;000&nbsp;kilo per \u00e5r. De individuella skillnaderna \u00e4r betydande, och det finns ocks\u00e5 skillnader mellan \u00e5ren: ju kallare vintern \u00e4r, desto mer energi beh\u00f6vs, och ju mindre vattenkraft som finns tillg\u00e4nglig, desto mer \u00f6kar anv\u00e4ndningen av fossila br\u00e4nslen.  <\/p>\n\n\n\n<div class=\"wp-block-group\"><div class=\"wp-block-group__inner-container\">\n<figure class=\"wp-block-image size-large\"><img loading=\"lazy\" width=\"1024\" height=\"502\" src=\"http:\/\/www.kio123456789.com\/wp-content\/uploads\/2021\/02\/SL_graafit.ruotsi-05-1024x502.png\" alt=\"\" class=\"wp-image-847\" srcset=\"https:\/\/hiilihelppi.fi\/wp-content\/uploads\/2021\/02\/SL_graafit.ruotsi-05-1024x502.png 1024w, https:\/\/hiilihelppi.fi\/wp-content\/uploads\/2021\/02\/SL_graafit.ruotsi-05-300x147.png 300w, https:\/\/hiilihelppi.fi\/wp-content\/uploads\/2021\/02\/SL_graafit.ruotsi-05-768x376.png 768w, https:\/\/hiilihelppi.fi\/wp-content\/uploads\/2021\/02\/SL_graafit.ruotsi-05-1536x753.png 1536w, https:\/\/hiilihelppi.fi\/wp-content\/uploads\/2021\/02\/SL_graafit.ruotsi-05-2048x1004.png 2048w\" sizes=\"(max-width: 1024px) 100vw, 1024px\" \/><figcaption>F\u00f6rdelning av den genomsnittliga finl\u00e4ndarens koldioxidavtryck p\u00e5 olika delomr\u00e5den. (K\u00e4lla: Finlands milj\u00f6central)<\/figcaption><\/figure>\n<\/div><\/div>\n\n\n\n<p>F\u00f6rutom koldioxidavtrycket fr\u00e5n konsumtionen orsakar den genomsnittliga finl\u00e4ndaren 2&nbsp;000 kg utsl\u00e4pp fr\u00e5n den offentliga sektorn per person. De uppkommer genom samh\u00e4llsfunktioner, som sociala tj\u00e4nster, v\u00e4gn\u00e4t och andra n\u00e4t, samt f\u00f6rsvarsmakten. F\u00f6r att n\u00e5 klimatm\u00e5len m\u00e5ste koldioxidavtrycket halveras under det innevarande \u00e5rtiondet, och samtidigt m\u00e5ste koldioxids\u00e4nkorna \u00f6kas, vilket i Finland betyder skogssektorn.<\/p>\n\n\n\n<p>Utsl\u00e4pp av v\u00e4xthusgaser uppst\u00e5r n\u00e4r vi anv\u00e4nder fossila br\u00e4nslen f\u00f6r energiproduktion, transporter eller produktion av livsmedel och varor. I en f\u00f6rbr\u00e4nningsreaktion f\u00f6renas en kolatom med tv\u00e5 syreatomer, och ett kilo kol som f\u00f6rbr\u00e4nns bildar mer \u00e4n tre och ett halvt kilo koldioxid.<\/p>\n\n\n\n<p>\u00c4ven industriella processer utan f\u00f6rbr\u00e4nning skapar utsl\u00e4pp av v\u00e4xthusgaser, till exempel tillverkning av cement och kv\u00e4veg\u00f6dsel. \u00c4ven avverkning av skog, dr\u00e4nering av mossar och andra f\u00f6r\u00e4ndringar av milj\u00f6n bidrar till koldioxidutsl\u00e4ppen i atmosf\u00e4ren.  <\/p>\n\n\n\n<h4>Mer om detta p\u00e5 annat h\u00e5ll:<\/h4>\n\n\n\n<ul class=\"linkkilista\"><li><a href=\"https:\/\/elamantapatesti.sitra.fi\/\">Sitras livsstilstest (Sitra) <\/a><\/li><li><a href=\"https:\/\/www.sitra.fi\/sv\/projekt\/100-smarta-vardagsgarningar\/#gor-livsstilstestet\">100 smarta vardagsgarningar (Sitra)<\/a><\/li><li><a href=\"https:\/\/www.hsy.fi\/sv\/luftkvalitet-och-klimat\/klimatvanligt-liv\/\">Klimatv\u00e4nlig liv (HSY)<\/a><\/li><li><a href=\"https:\/\/sitoumus2050.fi\/sv\/web\/sitoumus2050\/livstilar#\/\">H\u00e5llbara levnadss\u00e4tt &#8211; Sitoumus2050 (Statsr\u00e5dets kansli)<\/a><\/li><\/ul>\n","protected":false},"excerpt":{"rendered":"<p>Ett koldioxidavtryck \u00e4r en m\u00e5ttenhet som beskriver till exempel en individs, en varas eller en aktivitets klimatp\u00e5verkan under en viss tidsperiod: f\u00f6r m\u00e4nniskor r\u00e4knas koldioxidavtrycket ofta under ett kalender\u00e5r, men f\u00f6r en produkt eller aktivitet r\u00e4knas hela livscykeln. I finl\u00e4ndarnas koldioxidavtryck ing\u00e5r ocks\u00e5 utsl\u00e4pp fr\u00e5n varor och tj\u00e4nster som vi anv\u00e4nder, men som produceras utomlands. [&hellip;]<\/p>\n","protected":false},"author":1,"featured_media":647,"parent":0,"menu_order":0,"comment_status":"closed","ping_status":"closed","template":"","meta":[],"yoast_head":"<!-- This site is optimized with the Yoast SEO plugin v16.1.1 - https:\/\/yoast.com\/wordpress\/plugins\/seo\/ -->\n<link rel=\"canonical\" href=\"https:\/\/hiilihelppi.fi\/sv\/kulutuksen-hiilijalanjalki\/\" \/>\n<meta property=\"og:locale\" content=\"sv_SE\" \/>\n<meta property=\"og:type\" content=\"article\" \/>\n<meta property=\"og:title\" content=\"Konsumtionens koldioxidavtryck - Hiilihelppi\" \/>\n<meta property=\"og:description\" content=\"Ett koldioxidavtryck \u00e4r en m\u00e5ttenhet som beskriver till exempel en individs, en varas eller en aktivitets klimatp\u00e5verkan under en viss tidsperiod: f\u00f6r m\u00e4nniskor r\u00e4knas koldioxidavtrycket ofta under ett kalender\u00e5r, men f\u00f6r en produkt eller aktivitet r\u00e4knas hela livscykeln. I finl\u00e4ndarnas koldioxidavtryck ing\u00e5r ocks\u00e5 utsl\u00e4pp fr\u00e5n varor och tj\u00e4nster som vi anv\u00e4nder, men som produceras utomlands. [&hellip;]\" \/>\n<meta property=\"og:url\" content=\"https:\/\/hiilihelppi.fi\/sv\/kulutuksen-hiilijalanjalki\/\" \/>\n<meta property=\"og:site_name\" content=\"Hiilihelppi\" \/>\n<meta property=\"article:modified_time\" content=\"2021-04-01T07:58:24+00:00\" \/>\n<meta property=\"og:image\" content=\"https:\/\/hiilihelppi.fi\/wp-content\/uploads\/2021\/01\/HH_yla\u0308palkki_kulutuksenhiilijalanjalki-scaled.jpg\" \/>\n\t<meta property=\"og:image:width\" content=\"2560\" \/>\n\t<meta property=\"og:image:height\" content=\"659\" \/>\n<meta name=\"twitter:card\" content=\"summary_large_image\" \/>\n<meta name=\"twitter:label1\" content=\"Ber\u00e4knad l\u00e4stid\">\n\t<meta name=\"twitter:data1\" content=\"2 minuter\">\n<script type=\"application\/ld+json\" class=\"yoast-schema-graph\">{\"@context\":\"https:\/\/schema.org\",\"@graph\":[{\"@type\":\"WebSite\",\"@id\":\"https:\/\/hiilihelppi.fi\/#website\",\"url\":\"https:\/\/hiilihelppi.fi\/\",\"name\":\"Hiilihelppi\",\"description\":\"Joka kodin ilmastovinkit\",\"potentialAction\":[{\"@type\":\"SearchAction\",\"target\":\"https:\/\/hiilihelppi.fi\/?s={search_term_string}\",\"query-input\":\"required name=search_term_string\"}],\"inLanguage\":\"sv-SE\"},{\"@type\":\"ImageObject\",\"@id\":\"https:\/\/hiilihelppi.fi\/sv\/kulutuksen-hiilijalanjalki\/#primaryimage\",\"inLanguage\":\"sv-SE\",\"url\":\"https:\/\/hiilihelppi.fi\/wp-content\/uploads\/2021\/01\/HH_yla\\u0308palkki_kulutuksenhiilijalanjalki-scaled.jpg\",\"contentUrl\":\"https:\/\/hiilihelppi.fi\/wp-content\/uploads\/2021\/01\/HH_yla\\u0308palkki_kulutuksenhiilijalanjalki-scaled.jpg\",\"width\":2560,\"height\":659},{\"@type\":\"WebPage\",\"@id\":\"https:\/\/hiilihelppi.fi\/sv\/kulutuksen-hiilijalanjalki\/#webpage\",\"url\":\"https:\/\/hiilihelppi.fi\/sv\/kulutuksen-hiilijalanjalki\/\",\"name\":\"Konsumtionens koldioxidavtryck - Hiilihelppi\",\"isPartOf\":{\"@id\":\"https:\/\/hiilihelppi.fi\/#website\"},\"primaryImageOfPage\":{\"@id\":\"https:\/\/hiilihelppi.fi\/sv\/kulutuksen-hiilijalanjalki\/#primaryimage\"},\"datePublished\":\"2020-08-26T14:30:15+00:00\",\"dateModified\":\"2021-04-01T07:58:24+00:00\",\"breadcrumb\":{\"@id\":\"https:\/\/hiilihelppi.fi\/sv\/kulutuksen-hiilijalanjalki\/#breadcrumb\"},\"inLanguage\":\"sv-SE\",\"potentialAction\":[{\"@type\":\"ReadAction\",\"target\":[\"https:\/\/hiilihelppi.fi\/sv\/kulutuksen-hiilijalanjalki\/\"]}]},{\"@type\":\"BreadcrumbList\",\"@id\":\"https:\/\/hiilihelppi.fi\/sv\/kulutuksen-hiilijalanjalki\/#breadcrumb\",\"itemListElement\":[{\"@type\":\"ListItem\",\"position\":1,\"item\":{\"@type\":\"WebPage\",\"@id\":\"https:\/\/hiilihelppi.fi\/sv\/\",\"url\":\"https:\/\/hiilihelppi.fi\/sv\/\",\"name\":\"Etusivu\"}},{\"@type\":\"ListItem\",\"position\":2,\"item\":{\"@type\":\"WebPage\",\"@id\":\"https:\/\/hiilihelppi.fi\/sv\/kulutuksen-hiilijalanjalki\/\",\"url\":\"https:\/\/hiilihelppi.fi\/sv\/kulutuksen-hiilijalanjalki\/\",\"name\":\"Konsumtionens koldioxidavtryck\"}}]}]}<\/script>\n<!-- \/ Yoast SEO plugin. -->","_links":{"self":[{"href":"https:\/\/hiilihelppi.fi\/sv\/wp-json\/wp\/v2\/pages\/668"}],"collection":[{"href":"https:\/\/hiilihelppi.fi\/sv\/wp-json\/wp\/v2\/pages"}],"about":[{"href":"https:\/\/hiilihelppi.fi\/sv\/wp-json\/wp\/v2\/types\/page"}],"author":[{"embeddable":true,"href":"https:\/\/hiilihelppi.fi\/sv\/wp-json\/wp\/v2\/users\/1"}],"replies":[{"embeddable":true,"href":"https:\/\/hiilihelppi.fi\/sv\/wp-json\/wp\/v2\/comments?post=668"}],"version-history":[{"count":6,"href":"https:\/\/hiilihelppi.fi\/sv\/wp-json\/wp\/v2\/pages\/668\/revisions"}],"predecessor-version":[{"id":1414,"href":"https:\/\/hiilihelppi.fi\/sv\/wp-json\/wp\/v2\/pages\/668\/revisions\/1414"}],"wp:featuredmedia":[{"embeddable":true,"href":"https:\/\/hiilihelppi.fi\/sv\/wp-json\/wp\/v2\/media\/647"}],"wp:attachment":[{"href":"https:\/\/hiilihelppi.fi\/sv\/wp-json\/wp\/v2\/media?parent=668"}],"curies":[{"name":"wp","href":"https:\/\/api.w.org\/{rel}","templated":true}]}}