{"id":673,"date":"2021-01-25T13:05:59","date_gmt":"2021-01-25T11:05:59","guid":{"rendered":"http:\/\/www.kio123456789.com\/?page_id=673"},"modified":"2021-03-11T08:54:41","modified_gmt":"2021-03-11T06:54:41","slug":"klimatforandringarna","status":"publish","type":"page","link":"https:\/\/hiilihelppi.fi\/sv\/klimatforandringarna\/","title":{"rendered":"Klimatf\u00f6r\u00e4ndringarna"},"content":{"rendered":"\n<p><strong><em>Klimatf\u00f6r\u00e4ndringarna<\/em><\/strong> beror p\u00e5 den globala uppv\u00e4rmning som orsakas av m\u00e4nsklig aktivitet. I atmosf\u00e4ren sl\u00e4pper v\u00e4xthusgaserna igenom ljusstr\u00e5lning fr\u00e5n solen till jordens yta, men f\u00f6rhindrar v\u00e4rmen fr\u00e5n att avg\u00e5 ut i rymden. Den m\u00e4nskliga verksamheten har orsakat \u00f6kade utsl\u00e4pp av v\u00e4xthusgaser till atmosf\u00e4ren. V\u00e4xthusgaserna \u00e4r bland annat koldioxid och metan.<\/p>\n\n\n\n<p>En \u00f6kning av den globala temperaturen med 1,5 grader anses vara en gr\u00e4ns som m\u00e4nskligheten och livet p\u00e5 jorden kan klara. Att begr\u00e4nsa temperatur\u00f6kningen till 1,5 grader \u00e4r fortfarande m\u00f6jligt, men kr\u00e4ver snabba \u00e5tg\u00e4rder. Temperaturf\u00f6r\u00e4ndringen ber\u00e4knas i f\u00f6rh\u00e5llande till den f\u00f6rindustriella perioden p\u00e5 1800-talet.<\/p>\n\n\n\n<p><em><strong>F\u00f6r att minska klimatf\u00f6r\u00e4ndringarna <\/strong><\/em>har Finland satt som m\u00e5l att vara koldioxidneutralt \u00e5r 2035 och sedan koldioxidnegativt omedelbart efter\u00e5t, n\u00e4r v\u00e5ra utsl\u00e4pp blir l\u00e4gre \u00e4n koldioxidbindningen i kols\u00e4nkor, till exempel i skogar. Tekniskt sett \u00e4r detta redan helt m\u00f6jligt \u2013 men det \u00e4r kanske sv\u00e5rare att f\u00f6r\u00e4ndra attityd och kultur.  <\/p>\n\n\n\n<p>De viktigaste\nmetoderna \u00e4r f\u00f6ljande:<\/p>\n\n\n\n<ul><li>\n\n\t\u00f6verg\u00e5ng fr\u00e5n fossila till f\u00f6rnybara\n\tenergik\u00e4llor \n\t\n\t<\/li><li>\n\n\tf\u00f6rb\u00e4ttring av energieffektiviteten och\n\tminskning av energif\u00f6rbrukningen\n\t<\/li><li>\n\n\t\u00f6ka och f\u00f6rst\u00e4rka kols\u00e4nkor. \n\t\n<\/li><\/ul>\n\n\n\n<p>Alla dessa \u00e5tg\u00e4rder beh\u00f6vs samtidigt.<\/p>\n\n\n\n<p><em><strong>Anpassningen till klimatf\u00f6r\u00e4ndringarna<\/strong><\/em> \u00e4r viktigt, tillsammans med arbetet att minska klimatf\u00f6r\u00e4ndringarna. Vi m\u00e5ste f\u00f6rbereda oss f\u00f6r effekterna av klimatf\u00f6r\u00e4ndringarna, till exempel skador som orsakas av extrema v\u00e4derf\u00f6rh\u00e5llanden och de globala problem som \u00e4ven p\u00e5verkar Finland, till exempel klimatflyktingar.  <\/p>\n\n\n\n<p>\u00a0I Finland minskar uppv\u00e4rmningsbehovet i byggnader, men behovet av kylning och <a href=\"http:\/\/www.kio123456789.com\/sv\/fornybara-energikallor\/skydda-ditt-hus-mot-overhettning\/\">solskydd \u00f6kar<\/a>. Torka och v\u00e4rmeb\u00f6ljor, stormar och kraftigt regn och sn\u00f6fall belastar b\u00e5de naturen och den byggda milj\u00f6n. Den <a href=\"http:\/\/www.kio123456789.com\/sv\/bostadsvanor\/skapa-en-naturtradgard\/\">m\u00e5ngsidiga g\u00e5rden<\/a> h\u00e5ller byggnaden sval och t\u00e5l varierande v\u00e4der b\u00e4ttre \u00e4n vanligt. \u00c4ven om vintrarna blir mildare kan det ibland sn\u00f6a mycket, och i \u00f6stra och norra Finland kan sn\u00f6m\u00e4ngderna till och med \u00f6ka.<\/p>\n\n\n\n<h4>Mer om detta p\u00e5 annat h\u00e5ll:<\/h4>\n\n\n\n<p><a href=\"https:\/\/ilmasto-opas.fi\/fi\/\">Ilmasto-opas.fi<\/a><br><a href=\"http:\/\/www.ilmastopaneeli.fi\">www.ilmastopaneeli.fi<\/a><br><a href=\"https:\/\/www.ilmatieteenlaitos.fi\/ipcc-ilmastopaneeli\">IPCC ilmastopaneeli<\/a><\/p>\n","protected":false},"excerpt":{"rendered":"<p>Klimatf\u00f6r\u00e4ndringarna beror p\u00e5 den globala uppv\u00e4rmning som orsakas av m\u00e4nsklig aktivitet. I atmosf\u00e4ren sl\u00e4pper v\u00e4xthusgaserna igenom ljusstr\u00e5lning fr\u00e5n solen till jordens yta, men f\u00f6rhindrar v\u00e4rmen fr\u00e5n att avg\u00e5 ut i rymden. Den m\u00e4nskliga verksamheten har orsakat \u00f6kade utsl\u00e4pp av v\u00e4xthusgaser till atmosf\u00e4ren. V\u00e4xthusgaserna \u00e4r bland annat koldioxid och metan. En \u00f6kning av den globala temperaturen [&hellip;]<\/p>\n","protected":false},"author":1,"featured_media":650,"parent":0,"menu_order":0,"comment_status":"closed","ping_status":"closed","template":"","meta":[],"yoast_head":"<!-- This site is optimized with the Yoast SEO plugin v16.1.1 - https:\/\/yoast.com\/wordpress\/plugins\/seo\/ -->\n<link rel=\"canonical\" href=\"https:\/\/hiilihelppi.fi\/sv\/klimatforandringarna\/\" \/>\n<meta property=\"og:locale\" content=\"sv_SE\" \/>\n<meta property=\"og:type\" content=\"article\" \/>\n<meta property=\"og:title\" content=\"Klimatf\u00f6r\u00e4ndringarna - Hiilihelppi\" \/>\n<meta property=\"og:description\" content=\"Klimatf\u00f6r\u00e4ndringarna beror p\u00e5 den globala uppv\u00e4rmning som orsakas av m\u00e4nsklig aktivitet. I atmosf\u00e4ren sl\u00e4pper v\u00e4xthusgaserna igenom ljusstr\u00e5lning fr\u00e5n solen till jordens yta, men f\u00f6rhindrar v\u00e4rmen fr\u00e5n att avg\u00e5 ut i rymden. Den m\u00e4nskliga verksamheten har orsakat \u00f6kade utsl\u00e4pp av v\u00e4xthusgaser till atmosf\u00e4ren. V\u00e4xthusgaserna \u00e4r bland annat koldioxid och metan. En \u00f6kning av den globala temperaturen [&hellip;]\" \/>\n<meta property=\"og:url\" content=\"https:\/\/hiilihelppi.fi\/sv\/klimatforandringarna\/\" \/>\n<meta property=\"og:site_name\" content=\"Hiilihelppi\" \/>\n<meta property=\"article:modified_time\" content=\"2021-03-11T06:54:41+00:00\" \/>\n<meta property=\"og:image\" content=\"https:\/\/hiilihelppi.fi\/wp-content\/uploads\/2021\/01\/HH_yla\u0308palkki_ilmastonmuutos-scaled.jpg\" \/>\n\t<meta property=\"og:image:width\" content=\"2560\" \/>\n\t<meta property=\"og:image:height\" content=\"659\" \/>\n<meta name=\"twitter:card\" content=\"summary_large_image\" \/>\n<meta name=\"twitter:label1\" content=\"Ber\u00e4knad l\u00e4stid\">\n\t<meta name=\"twitter:data1\" content=\"2 minuter\">\n<script type=\"application\/ld+json\" class=\"yoast-schema-graph\">{\"@context\":\"https:\/\/schema.org\",\"@graph\":[{\"@type\":\"WebSite\",\"@id\":\"https:\/\/hiilihelppi.fi\/#website\",\"url\":\"https:\/\/hiilihelppi.fi\/\",\"name\":\"Hiilihelppi\",\"description\":\"Joka kodin ilmastovinkit\",\"potentialAction\":[{\"@type\":\"SearchAction\",\"target\":\"https:\/\/hiilihelppi.fi\/?s={search_term_string}\",\"query-input\":\"required name=search_term_string\"}],\"inLanguage\":\"sv-SE\"},{\"@type\":\"ImageObject\",\"@id\":\"https:\/\/hiilihelppi.fi\/sv\/klimatforandringarna\/#primaryimage\",\"inLanguage\":\"sv-SE\",\"url\":\"https:\/\/hiilihelppi.fi\/wp-content\/uploads\/2021\/01\/HH_yla\\u0308palkki_ilmastonmuutos-scaled.jpg\",\"contentUrl\":\"https:\/\/hiilihelppi.fi\/wp-content\/uploads\/2021\/01\/HH_yla\\u0308palkki_ilmastonmuutos-scaled.jpg\",\"width\":2560,\"height\":659},{\"@type\":\"WebPage\",\"@id\":\"https:\/\/hiilihelppi.fi\/sv\/klimatforandringarna\/#webpage\",\"url\":\"https:\/\/hiilihelppi.fi\/sv\/klimatforandringarna\/\",\"name\":\"Klimatf\\u00f6r\\u00e4ndringarna - Hiilihelppi\",\"isPartOf\":{\"@id\":\"https:\/\/hiilihelppi.fi\/#website\"},\"primaryImageOfPage\":{\"@id\":\"https:\/\/hiilihelppi.fi\/sv\/klimatforandringarna\/#primaryimage\"},\"datePublished\":\"2021-01-25T11:05:59+00:00\",\"dateModified\":\"2021-03-11T06:54:41+00:00\",\"breadcrumb\":{\"@id\":\"https:\/\/hiilihelppi.fi\/sv\/klimatforandringarna\/#breadcrumb\"},\"inLanguage\":\"sv-SE\",\"potentialAction\":[{\"@type\":\"ReadAction\",\"target\":[\"https:\/\/hiilihelppi.fi\/sv\/klimatforandringarna\/\"]}]},{\"@type\":\"BreadcrumbList\",\"@id\":\"https:\/\/hiilihelppi.fi\/sv\/klimatforandringarna\/#breadcrumb\",\"itemListElement\":[{\"@type\":\"ListItem\",\"position\":1,\"item\":{\"@type\":\"WebPage\",\"@id\":\"https:\/\/hiilihelppi.fi\/sv\/\",\"url\":\"https:\/\/hiilihelppi.fi\/sv\/\",\"name\":\"Etusivu\"}},{\"@type\":\"ListItem\",\"position\":2,\"item\":{\"@type\":\"WebPage\",\"@id\":\"https:\/\/hiilihelppi.fi\/sv\/klimatforandringarna\/\",\"url\":\"https:\/\/hiilihelppi.fi\/sv\/klimatforandringarna\/\",\"name\":\"Klimatf\\u00f6r\\u00e4ndringarna\"}}]}]}<\/script>\n<!-- \/ Yoast SEO plugin. -->","_links":{"self":[{"href":"https:\/\/hiilihelppi.fi\/sv\/wp-json\/wp\/v2\/pages\/673"}],"collection":[{"href":"https:\/\/hiilihelppi.fi\/sv\/wp-json\/wp\/v2\/pages"}],"about":[{"href":"https:\/\/hiilihelppi.fi\/sv\/wp-json\/wp\/v2\/types\/page"}],"author":[{"embeddable":true,"href":"https:\/\/hiilihelppi.fi\/sv\/wp-json\/wp\/v2\/users\/1"}],"replies":[{"embeddable":true,"href":"https:\/\/hiilihelppi.fi\/sv\/wp-json\/wp\/v2\/comments?post=673"}],"version-history":[{"count":3,"href":"https:\/\/hiilihelppi.fi\/sv\/wp-json\/wp\/v2\/pages\/673\/revisions"}],"predecessor-version":[{"id":1199,"href":"https:\/\/hiilihelppi.fi\/sv\/wp-json\/wp\/v2\/pages\/673\/revisions\/1199"}],"wp:featuredmedia":[{"embeddable":true,"href":"https:\/\/hiilihelppi.fi\/sv\/wp-json\/wp\/v2\/media\/650"}],"wp:attachment":[{"href":"https:\/\/hiilihelppi.fi\/sv\/wp-json\/wp\/v2\/media?parent=673"}],"curies":[{"name":"wp","href":"https:\/\/api.w.org\/{rel}","templated":true}]}}