{"id":675,"date":"2021-01-25T13:07:02","date_gmt":"2021-01-25T11:07:02","guid":{"rendered":"http:\/\/www.kio123456789.com\/?page_id=675"},"modified":"2021-03-17T15:28:22","modified_gmt":"2021-03-17T13:28:22","slug":"utarmning-av-naturresurser","status":"publish","type":"page","link":"https:\/\/hiilihelppi.fi\/sv\/utarmning-av-naturresurser\/","title":{"rendered":"Utt\u00f6mning av naturresurser"},"content":{"rendered":"\n<p>M\u00e4nskligheten\nkonsumerar dubbelt s\u00e5 mycket naturresurser \u2013 och vi finl\u00e4ndare\nupp till fyra g\u00e5nger s\u00e5 mycket \u2013 som finns tillg\u00e4ngligt. R\u00e5varor\nsom inte \u00e4r f\u00f6rnybara, till exempel metaller och fossila br\u00e4nslen,\ntar slut och v\u00e4rlden kommer inte heller att kunna producera\nf\u00f6rnybara r\u00e5varor, som tr\u00e4, i samma takt som vi konsumerar dem.\nF\u00f6rbrukningen av naturresurser har fyrdubblats p\u00e5 fem decennier. \n<\/p>\n\n\n\n<p>Kretsloppsekonomin\n\u00e4r en modell som syftar till ett h\u00e5llbart utnyttjande av\nnaturresurserna. I kretsloppsekonomin anv\u00e4nds f\u00f6rnybara resurser p\u00e5\nett h\u00e5llbart s\u00e4tt och icke-f\u00f6rnybara resurser \u00e5teranv\u00e4nds. M\u00e5let\n\u00e4r att inget avfall alls ska skapas. I kretsloppsekonomin maximeras\n\u00e5tervinningen av produkter, komponenter och material s\u00e5 l\u00e5ngt det\n\u00e4r m\u00f6jligt. I b\u00e4sta fall kan v\u00e4rdet p\u00e5 r\u00e5varan \u00f6ka genom\n\u00e5tervinningen.<\/p>\n\n\n\n<p>Metoder\nf\u00f6r att f\u00f6rb\u00e4ttra kretsloppsekonomin i bost\u00e4der:<\/p>\n\n\n\n<ul><li>\n\n\tV\u00e4lj utrustningar och konstruktioner med l\u00e5ng\n\tlivsl\u00e4ngd och som kan repareras\n\t<\/li><li>\n\n\tAnv\u00e4nd helst \u00e5tervunnet och \u00e5tervinningsbart\n\tmaterial vid renoveringar\n\t<\/li><li>\n\n\tSortera avfallet b\u00e5de i hush\u00e5llet (4A c)\n\toch vid byggande, s\u00e5 att v\u00e4rdefulla r\u00e5varor kan \u00e5teranv\u00e4ndas.\n<\/li><\/ul>\n\n\n\n<h4>Mer om detta p\u00e5 annat h\u00e5ll:<\/h4>\n\n\n\n<p><a href=\"https:\/\/wwf.fi\/uhat\/ylikulutus\/\">Om \u00f6verf\u00f6rbrukning p\u00e5 WWF:s webbplats<\/a><br><a href=\"https:\/\/www.sitra.fi\/aiheet\/kiertotalous\/\">Kretsloppsekonomi p\u00e5 Sitras webbplats<\/a><br><a href=\"https:\/\/ym.fi\/sv\/cirkular-ekonomi1\">Circul\u00e4r erkonomi p\u00e5 Milj\u00f6ministeriets webplats<\/a><\/p>\n","protected":false},"excerpt":{"rendered":"<p>M\u00e4nskligheten konsumerar dubbelt s\u00e5 mycket naturresurser \u2013 och vi finl\u00e4ndare upp till fyra g\u00e5nger s\u00e5 mycket \u2013 som finns tillg\u00e4ngligt. R\u00e5varor som inte \u00e4r f\u00f6rnybara, till exempel metaller och fossila br\u00e4nslen, tar slut och v\u00e4rlden kommer inte heller att kunna producera f\u00f6rnybara r\u00e5varor, som tr\u00e4, i samma takt som vi konsumerar dem. F\u00f6rbrukningen av naturresurser [&hellip;]<\/p>\n","protected":false},"author":1,"featured_media":648,"parent":0,"menu_order":0,"comment_status":"closed","ping_status":"closed","template":"","meta":[],"yoast_head":"<!-- This site is optimized with the Yoast SEO plugin v16.1.1 - https:\/\/yoast.com\/wordpress\/plugins\/seo\/ -->\n<link rel=\"canonical\" href=\"https:\/\/hiilihelppi.fi\/sv\/utarmning-av-naturresurser\/\" \/>\n<meta property=\"og:locale\" content=\"sv_SE\" \/>\n<meta property=\"og:type\" content=\"article\" \/>\n<meta property=\"og:title\" content=\"Utt\u00f6mning av naturresurser - Hiilihelppi\" \/>\n<meta property=\"og:description\" content=\"M\u00e4nskligheten konsumerar dubbelt s\u00e5 mycket naturresurser \u2013 och vi finl\u00e4ndare upp till fyra g\u00e5nger s\u00e5 mycket \u2013 som finns tillg\u00e4ngligt. R\u00e5varor som inte \u00e4r f\u00f6rnybara, till exempel metaller och fossila br\u00e4nslen, tar slut och v\u00e4rlden kommer inte heller att kunna producera f\u00f6rnybara r\u00e5varor, som tr\u00e4, i samma takt som vi konsumerar dem. F\u00f6rbrukningen av naturresurser [&hellip;]\" \/>\n<meta property=\"og:url\" content=\"https:\/\/hiilihelppi.fi\/sv\/utarmning-av-naturresurser\/\" \/>\n<meta property=\"og:site_name\" content=\"Hiilihelppi\" \/>\n<meta property=\"article:modified_time\" content=\"2021-03-17T13:28:22+00:00\" \/>\n<meta property=\"og:image\" content=\"https:\/\/hiilihelppi.fi\/wp-content\/uploads\/2021\/01\/HH_yla\u0308palkki_luonnonvarojenehtyminen-scaled.jpg\" \/>\n\t<meta property=\"og:image:width\" content=\"2560\" \/>\n\t<meta property=\"og:image:height\" content=\"659\" \/>\n<meta name=\"twitter:card\" content=\"summary_large_image\" \/>\n<meta name=\"twitter:label1\" content=\"Ber\u00e4knad l\u00e4stid\">\n\t<meta name=\"twitter:data1\" content=\"1 minut\">\n<script type=\"application\/ld+json\" class=\"yoast-schema-graph\">{\"@context\":\"https:\/\/schema.org\",\"@graph\":[{\"@type\":\"WebSite\",\"@id\":\"https:\/\/hiilihelppi.fi\/#website\",\"url\":\"https:\/\/hiilihelppi.fi\/\",\"name\":\"Hiilihelppi\",\"description\":\"Joka kodin ilmastovinkit\",\"potentialAction\":[{\"@type\":\"SearchAction\",\"target\":\"https:\/\/hiilihelppi.fi\/?s={search_term_string}\",\"query-input\":\"required name=search_term_string\"}],\"inLanguage\":\"sv-SE\"},{\"@type\":\"ImageObject\",\"@id\":\"https:\/\/hiilihelppi.fi\/sv\/utarmning-av-naturresurser\/#primaryimage\",\"inLanguage\":\"sv-SE\",\"url\":\"https:\/\/hiilihelppi.fi\/wp-content\/uploads\/2021\/01\/HH_yla\\u0308palkki_luonnonvarojenehtyminen-scaled.jpg\",\"contentUrl\":\"https:\/\/hiilihelppi.fi\/wp-content\/uploads\/2021\/01\/HH_yla\\u0308palkki_luonnonvarojenehtyminen-scaled.jpg\",\"width\":2560,\"height\":659},{\"@type\":\"WebPage\",\"@id\":\"https:\/\/hiilihelppi.fi\/sv\/utarmning-av-naturresurser\/#webpage\",\"url\":\"https:\/\/hiilihelppi.fi\/sv\/utarmning-av-naturresurser\/\",\"name\":\"Utt\\u00f6mning av naturresurser - Hiilihelppi\",\"isPartOf\":{\"@id\":\"https:\/\/hiilihelppi.fi\/#website\"},\"primaryImageOfPage\":{\"@id\":\"https:\/\/hiilihelppi.fi\/sv\/utarmning-av-naturresurser\/#primaryimage\"},\"datePublished\":\"2021-01-25T11:07:02+00:00\",\"dateModified\":\"2021-03-17T13:28:22+00:00\",\"breadcrumb\":{\"@id\":\"https:\/\/hiilihelppi.fi\/sv\/utarmning-av-naturresurser\/#breadcrumb\"},\"inLanguage\":\"sv-SE\",\"potentialAction\":[{\"@type\":\"ReadAction\",\"target\":[\"https:\/\/hiilihelppi.fi\/sv\/utarmning-av-naturresurser\/\"]}]},{\"@type\":\"BreadcrumbList\",\"@id\":\"https:\/\/hiilihelppi.fi\/sv\/utarmning-av-naturresurser\/#breadcrumb\",\"itemListElement\":[{\"@type\":\"ListItem\",\"position\":1,\"item\":{\"@type\":\"WebPage\",\"@id\":\"https:\/\/hiilihelppi.fi\/sv\/\",\"url\":\"https:\/\/hiilihelppi.fi\/sv\/\",\"name\":\"Etusivu\"}},{\"@type\":\"ListItem\",\"position\":2,\"item\":{\"@type\":\"WebPage\",\"@id\":\"https:\/\/hiilihelppi.fi\/sv\/utarmning-av-naturresurser\/\",\"url\":\"https:\/\/hiilihelppi.fi\/sv\/utarmning-av-naturresurser\/\",\"name\":\"Utt\\u00f6mning av naturresurser\"}}]}]}<\/script>\n<!-- \/ Yoast SEO plugin. -->","_links":{"self":[{"href":"https:\/\/hiilihelppi.fi\/sv\/wp-json\/wp\/v2\/pages\/675"}],"collection":[{"href":"https:\/\/hiilihelppi.fi\/sv\/wp-json\/wp\/v2\/pages"}],"about":[{"href":"https:\/\/hiilihelppi.fi\/sv\/wp-json\/wp\/v2\/types\/page"}],"author":[{"embeddable":true,"href":"https:\/\/hiilihelppi.fi\/sv\/wp-json\/wp\/v2\/users\/1"}],"replies":[{"embeddable":true,"href":"https:\/\/hiilihelppi.fi\/sv\/wp-json\/wp\/v2\/comments?post=675"}],"version-history":[{"count":3,"href":"https:\/\/hiilihelppi.fi\/sv\/wp-json\/wp\/v2\/pages\/675\/revisions"}],"predecessor-version":[{"id":1336,"href":"https:\/\/hiilihelppi.fi\/sv\/wp-json\/wp\/v2\/pages\/675\/revisions\/1336"}],"wp:featuredmedia":[{"embeddable":true,"href":"https:\/\/hiilihelppi.fi\/sv\/wp-json\/wp\/v2\/media\/648"}],"wp:attachment":[{"href":"https:\/\/hiilihelppi.fi\/sv\/wp-json\/wp\/v2\/media?parent=675"}],"curies":[{"name":"wp","href":"https:\/\/api.w.org\/{rel}","templated":true}]}}