{"id":706,"date":"2021-02-01T15:52:10","date_gmt":"2021-02-01T13:52:10","guid":{"rendered":"http:\/\/www.kio123456789.com\/?page_id=706"},"modified":"2021-03-11T09:52:36","modified_gmt":"2021-03-11T07:52:36","slug":"forsamring-av-mangfald","status":"publish","type":"page","link":"https:\/\/hiilihelppi.fi\/sv\/forsamring-av-mangfald\/","title":{"rendered":"F\u00f6rlust av biologisk m\u00e5ngfald"},"content":{"rendered":"\n<p>Den biologiska\nm\u00e5ngfalden, med andra ord arternas och individernas antal, f\u00f6rs\u00e4mras\ni alarmerande takt. Det finns nu allt f\u00e4rre arter av liv \u00e4n\ntidigare. Till och med arter som m\u00e5nga av oss\nk\u00e4nner till, har b\u00f6rjat f\u00f6rsvinna runt omkring oss: till\nexempel har v\u00e5rt best\u00e5nd av svalor minskat med 75 % under detta\n\u00e5rtusende. Varje art har en viktig roll som en del av ekosystemet.\nArterna \u00e4r beroende av varandra \u2013 och m\u00e4nniskan av naturen. \n<\/p>\n\n\n\n<p>De fr\u00e4msta\norsakerna till f\u00f6rlusten av biologisk m\u00e5ngfald \u00e4r spridningen av\nm\u00e4nsklig verksamhet, f\u00f6r\u00e4ndringar i naturliga milj\u00f6er, \u00f6verdriven\njakt och rovfiske, samt utbredningen av fr\u00e4mmande arter.\nKlimatf\u00f6r\u00e4ndringarna g\u00f6r att arter och ekosystem blir \u00e4nnu mer\nuttr\u00e4ngda: de hinner inte anpassa sig till de f\u00f6r\u00e4ndrade\nvillkoren. Som exempel kan n\u00e4mnas att fj\u00e4llf\u00e5glar som fj\u00e4llripa\noch sn\u00f6sparv riskerar att f\u00f6rsvinna i Finland p\u00e5 grund av\nklimatf\u00f6r\u00e4ndringarna.<\/p>\n\n\n\n<p>Trots situationens\nallvar kan mycket fortfarande g\u00f6ras. Den biologiska m\u00e5ngfalden kan\n\u00f6kas och dess f\u00f6rlust bromsas in genom v\u00e5ra dagliga val och\nhandlingar. Metoder att \u00f6ka den biologiska m\u00e5ngfalden i boendet:<\/p>\n\n\n\n<ul><li> Bygg en <a href=\"http:\/\/www.kio123456789.com\/sv\/bostadsvanor\/skapa-en-naturtradgard\/\">naturtr\u00e4dg\u00e5rd <\/a><\/li><li> Bevara v\u00e4xterna p\u00e5 stugv\u00e4gens v\u00e4gren <\/li><li> Bygg ett <a href=\"http:\/\/www.kio123456789.com\/sv\/bostadsvanor\/lat-taket-gronska\/\">gr\u00f6nt tak <\/a>eller en gr\u00f6n v\u00e4gg   <\/li><\/ul>\n","protected":false},"excerpt":{"rendered":"<p>Den biologiska m\u00e5ngfalden, med andra ord arternas och individernas antal, f\u00f6rs\u00e4mras i alarmerande takt. Det finns nu allt f\u00e4rre arter av liv \u00e4n tidigare. Till och med arter som m\u00e5nga av oss k\u00e4nner till, har b\u00f6rjat f\u00f6rsvinna runt omkring oss: till exempel har v\u00e5rt best\u00e5nd av svalor minskat med 75 % under detta \u00e5rtusende. Varje [&hellip;]<\/p>\n","protected":false},"author":1,"featured_media":649,"parent":0,"menu_order":0,"comment_status":"closed","ping_status":"closed","template":"","meta":[],"yoast_head":"<!-- This site is optimized with the Yoast SEO plugin v16.1.1 - https:\/\/yoast.com\/wordpress\/plugins\/seo\/ -->\n<link rel=\"canonical\" href=\"https:\/\/hiilihelppi.fi\/sv\/forsamring-av-mangfald\/\" \/>\n<meta property=\"og:locale\" content=\"sv_SE\" \/>\n<meta property=\"og:type\" content=\"article\" \/>\n<meta property=\"og:title\" content=\"F\u00f6rlust av biologisk m\u00e5ngfald - Hiilihelppi\" \/>\n<meta property=\"og:description\" content=\"Den biologiska m\u00e5ngfalden, med andra ord arternas och individernas antal, f\u00f6rs\u00e4mras i alarmerande takt. Det finns nu allt f\u00e4rre arter av liv \u00e4n tidigare. Till och med arter som m\u00e5nga av oss k\u00e4nner till, har b\u00f6rjat f\u00f6rsvinna runt omkring oss: till exempel har v\u00e5rt best\u00e5nd av svalor minskat med 75 % under detta \u00e5rtusende. Varje [&hellip;]\" \/>\n<meta property=\"og:url\" content=\"https:\/\/hiilihelppi.fi\/sv\/forsamring-av-mangfald\/\" \/>\n<meta property=\"og:site_name\" content=\"Hiilihelppi\" \/>\n<meta property=\"article:modified_time\" content=\"2021-03-11T07:52:36+00:00\" \/>\n<meta property=\"og:image\" content=\"https:\/\/hiilihelppi.fi\/wp-content\/uploads\/2021\/01\/HH_yla\u0308palkki_monimuotoisuudenheikkeneminen-scaled.jpg\" \/>\n\t<meta property=\"og:image:width\" content=\"2560\" \/>\n\t<meta property=\"og:image:height\" content=\"659\" \/>\n<meta name=\"twitter:card\" content=\"summary_large_image\" \/>\n<meta name=\"twitter:label1\" content=\"Ber\u00e4knad l\u00e4stid\">\n\t<meta name=\"twitter:data1\" content=\"1 minut\">\n<script type=\"application\/ld+json\" class=\"yoast-schema-graph\">{\"@context\":\"https:\/\/schema.org\",\"@graph\":[{\"@type\":\"WebSite\",\"@id\":\"https:\/\/hiilihelppi.fi\/#website\",\"url\":\"https:\/\/hiilihelppi.fi\/\",\"name\":\"Hiilihelppi\",\"description\":\"Joka kodin ilmastovinkit\",\"potentialAction\":[{\"@type\":\"SearchAction\",\"target\":\"https:\/\/hiilihelppi.fi\/?s={search_term_string}\",\"query-input\":\"required name=search_term_string\"}],\"inLanguage\":\"sv-SE\"},{\"@type\":\"ImageObject\",\"@id\":\"https:\/\/hiilihelppi.fi\/sv\/forsamring-av-mangfald\/#primaryimage\",\"inLanguage\":\"sv-SE\",\"url\":\"https:\/\/hiilihelppi.fi\/wp-content\/uploads\/2021\/01\/HH_yla\\u0308palkki_monimuotoisuudenheikkeneminen-scaled.jpg\",\"contentUrl\":\"https:\/\/hiilihelppi.fi\/wp-content\/uploads\/2021\/01\/HH_yla\\u0308palkki_monimuotoisuudenheikkeneminen-scaled.jpg\",\"width\":2560,\"height\":659},{\"@type\":\"WebPage\",\"@id\":\"https:\/\/hiilihelppi.fi\/sv\/forsamring-av-mangfald\/#webpage\",\"url\":\"https:\/\/hiilihelppi.fi\/sv\/forsamring-av-mangfald\/\",\"name\":\"F\\u00f6rlust av biologisk m\\u00e5ngfald - Hiilihelppi\",\"isPartOf\":{\"@id\":\"https:\/\/hiilihelppi.fi\/#website\"},\"primaryImageOfPage\":{\"@id\":\"https:\/\/hiilihelppi.fi\/sv\/forsamring-av-mangfald\/#primaryimage\"},\"datePublished\":\"2021-02-01T13:52:10+00:00\",\"dateModified\":\"2021-03-11T07:52:36+00:00\",\"breadcrumb\":{\"@id\":\"https:\/\/hiilihelppi.fi\/sv\/forsamring-av-mangfald\/#breadcrumb\"},\"inLanguage\":\"sv-SE\",\"potentialAction\":[{\"@type\":\"ReadAction\",\"target\":[\"https:\/\/hiilihelppi.fi\/sv\/forsamring-av-mangfald\/\"]}]},{\"@type\":\"BreadcrumbList\",\"@id\":\"https:\/\/hiilihelppi.fi\/sv\/forsamring-av-mangfald\/#breadcrumb\",\"itemListElement\":[{\"@type\":\"ListItem\",\"position\":1,\"item\":{\"@type\":\"WebPage\",\"@id\":\"https:\/\/hiilihelppi.fi\/sv\/\",\"url\":\"https:\/\/hiilihelppi.fi\/sv\/\",\"name\":\"Etusivu\"}},{\"@type\":\"ListItem\",\"position\":2,\"item\":{\"@type\":\"WebPage\",\"@id\":\"https:\/\/hiilihelppi.fi\/sv\/forsamring-av-mangfald\/\",\"url\":\"https:\/\/hiilihelppi.fi\/sv\/forsamring-av-mangfald\/\",\"name\":\"F\\u00f6rlust av biologisk m\\u00e5ngfald\"}}]}]}<\/script>\n<!-- \/ Yoast SEO plugin. -->","_links":{"self":[{"href":"https:\/\/hiilihelppi.fi\/sv\/wp-json\/wp\/v2\/pages\/706"}],"collection":[{"href":"https:\/\/hiilihelppi.fi\/sv\/wp-json\/wp\/v2\/pages"}],"about":[{"href":"https:\/\/hiilihelppi.fi\/sv\/wp-json\/wp\/v2\/types\/page"}],"author":[{"embeddable":true,"href":"https:\/\/hiilihelppi.fi\/sv\/wp-json\/wp\/v2\/users\/1"}],"replies":[{"embeddable":true,"href":"https:\/\/hiilihelppi.fi\/sv\/wp-json\/wp\/v2\/comments?post=706"}],"version-history":[{"count":3,"href":"https:\/\/hiilihelppi.fi\/sv\/wp-json\/wp\/v2\/pages\/706\/revisions"}],"predecessor-version":[{"id":1220,"href":"https:\/\/hiilihelppi.fi\/sv\/wp-json\/wp\/v2\/pages\/706\/revisions\/1220"}],"wp:featuredmedia":[{"embeddable":true,"href":"https:\/\/hiilihelppi.fi\/sv\/wp-json\/wp\/v2\/media\/649"}],"wp:attachment":[{"href":"https:\/\/hiilihelppi.fi\/sv\/wp-json\/wp\/v2\/media?parent=706"}],"curies":[{"name":"wp","href":"https:\/\/api.w.org\/{rel}","templated":true}]}}